{"id":2,"date":"2016-02-03T04:08:41","date_gmt":"2016-02-03T04:08:41","guid":{"rendered":"http:\/\/wp442m.a10-52-158-154.qa.plesk.ru\/wordpress\/?page_id=2"},"modified":"2021-02-07T10:55:20","modified_gmt":"2021-02-07T10:55:20","slug":"sample-page","status":"publish","type":"page","link":"http:\/\/persianasdelibrillo.com\/?page_id=2","title":{"rendered":"La Carpinter\u00eda"},"content":{"rendered":"<p><strong>Hereus de Puig Bonich<\/strong> es una carpinter\u00eda fundada en 1962, situada en Sant Feliu de Llobregat (Barcelona), dedicada a todo tipo de trabajos relacionados con madera, tanto a obra p\u00fablica como privada, ubicados en todo Catalu\u00f1a.<\/p>\n<p>Fabricaci\u00f3n de persianas de librillo, fija y m\u00f3vil y de puertas con antipinzadedos.<\/p>\n<p>Trabajamos con madera maciza noble, con todo tipo de conglomerados, tanto melam\u00ednicos como base de chapa natural, Mdf de todo tipo y compactas de resina de alta densidad resistentes al exterior.<\/p>\n<p><a href=\"\/?page_id=32\">Contacte con nosotros si desea m\u00e1s informaci\u00f3n.<\/a><\/p>\n","protected":false},"excerpt":{"rendered":"<p>Hereus de Puig Bonich es una carpinter\u00eda fundada en 1962, situada en Sant Feliu de Llobregat (Barcelona), dedicada a todo tipo de trabajos relacionados con madera, tanto a obra p\u00fablica como privada, ubicados en todo Catalu\u00f1a. Fabricaci\u00f3n de persianas de librillo, fija y m\u00f3vil y de puertas con antipinzadedos. Trabajamos con madera maciza noble, con [&hellip;]<\/p>\n","protected":false},"author":2,"featured_media":0,"parent":0,"menu_order":0,"comment_status":"closed","ping_status":"closed","template":"","meta":[],"_links":{"self":[{"href":"http:\/\/persianasdelibrillo.com\/index.php?rest_route=\/wp\/v2\/pages\/2"}],"collection":[{"href":"http:\/\/persianasdelibrillo.com\/index.php?rest_route=\/wp\/v2\/pages"}],"about":[{"href":"http:\/\/persianasdelibrillo.com\/index.php?rest_route=\/wp\/v2\/types\/page"}],"author":[{"embeddable":true,"href":"http:\/\/persianasdelibrillo.com\/index.php?rest_route=\/wp\/v2\/users\/2"}],"replies":[{"embeddable":true,"href":"http:\/\/persianasdelibrillo.com\/index.php?rest_route=%2Fwp%2Fv2%2Fcomments&post=2"}],"version-history":[{"count":3,"href":"http:\/\/persianasdelibrillo.com\/index.php?rest_route=\/wp\/v2\/pages\/2\/revisions"}],"predecessor-version":[{"id":44,"href":"http:\/\/persianasdelibrillo.com\/index.php?rest_route=\/wp\/v2\/pages\/2\/revisions\/44"}],"wp:attachment":[{"href":"http:\/\/persianasdelibrillo.com\/index.php?rest_route=%2Fwp%2Fv2%2Fmedia&parent=2"}],"curies":[{"name":"wp","href":"https:\/\/api.w.org\/{rel}","templated":true}]}}